{"id":70,"date":"2023-06-21T16:08:25","date_gmt":"2023-06-21T19:08:25","guid":{"rendered":"https:\/\/smartdmarketing.com.br\/?page_id=70"},"modified":"2023-06-21T16:37:24","modified_gmt":"2023-06-21T19:37:24","slug":"servicos","status":"publish","type":"page","link":"https:\/\/smartdmarketing.com.br\/?page_id=70","title":{"rendered":"Servi\u00e7os"},"content":{"rendered":"\n<p>Personalizamos as estrat\u00e9gias de marketing para o seu neg\u00f3cio<\/p>\n\n\n\n<div class=\"wp-block-columns is-layout-flex wp-container-core-columns-is-layout-1 wp-block-columns-is-layout-flex\">\n<div class=\"wp-block-column is-layout-flow wp-block-column-is-layout-flow\">\n<div class=\"wp-block-media-text alignwide is-stacked-on-mobile\"><figure class=\"wp-block-media-text__media\"><img fetchpriority=\"high\" decoding=\"async\" width=\"1024\" height=\"682\" src=\"http:\/\/smartdmarketing.com.br\/wp-content\/uploads\/2023\/06\/mobile-phone-1917737_1280-1024x682.jpg\" alt=\"\" class=\"wp-image-88 size-full\" srcset=\"https:\/\/smartdmarketing.com.br\/wp-content\/uploads\/2023\/06\/mobile-phone-1917737_1280-1024x682.jpg 1024w, https:\/\/smartdmarketing.com.br\/wp-content\/uploads\/2023\/06\/mobile-phone-1917737_1280-300x200.jpg 300w, https:\/\/smartdmarketing.com.br\/wp-content\/uploads\/2023\/06\/mobile-phone-1917737_1280-768x512.jpg 768w, https:\/\/smartdmarketing.com.br\/wp-content\/uploads\/2023\/06\/mobile-phone-1917737_1280.jpg 1280w\" sizes=\"(max-width: 1024px) 100vw, 1024px\" \/><\/figure><div class=\"wp-block-media-text__content\">\n<h2 class=\"wp-block-heading\">Marketing de conte\u00fado<\/h2>\n\n\n\n<p>Gerenciamento de redes sociais<\/p>\n\n\n\n<p>Conte\u00fados estrat\u00e9gicos <\/p>\n\n\n\n<p>Personaliza\u00e7\u00e3o<\/p>\n<\/div><\/div>\n<\/div>\n<\/div>\n\n\n\n<div class=\"wp-block-group is-nowrap is-layout-flex wp-container-core-group-is-layout-1 wp-block-group-is-layout-flex\">\n<div class=\"wp-block-media-text alignwide is-stacked-on-mobile\"><figure class=\"wp-block-media-text__media\"><img decoding=\"async\" width=\"1024\" height=\"661\" src=\"http:\/\/smartdmarketing.com.br\/wp-content\/uploads\/2023\/06\/laptop-593673_1280-1024x661.jpg\" alt=\"\" class=\"wp-image-89 size-full\" srcset=\"https:\/\/smartdmarketing.com.br\/wp-content\/uploads\/2023\/06\/laptop-593673_1280-1024x661.jpg 1024w, https:\/\/smartdmarketing.com.br\/wp-content\/uploads\/2023\/06\/laptop-593673_1280-300x194.jpg 300w, https:\/\/smartdmarketing.com.br\/wp-content\/uploads\/2023\/06\/laptop-593673_1280-768x496.jpg 768w, https:\/\/smartdmarketing.com.br\/wp-content\/uploads\/2023\/06\/laptop-593673_1280.jpg 1280w\" sizes=\"(max-width: 1024px) 100vw, 1024px\" \/><\/figure><div class=\"wp-block-media-text__content\">\n<h2 class=\"wp-block-heading\">Cria\u00e7\u00e3o de Sites<\/h2>\n\n\n\n<p>Responsivo<\/p>\n\n\n\n<p>Profissional <\/p>\n\n\n\n<p>Seguro<\/p>\n<\/div><\/div>\n<\/div>\n\n\n\n<h2 class=\"wp-block-heading\"><\/h2>\n\n\n\n<div class=\"wp-block-columns is-layout-flex wp-container-core-columns-is-layout-2 wp-block-columns-is-layout-flex\">\n<div class=\"wp-block-column is-layout-flow wp-block-column-is-layout-flow\">\n<div class=\"wp-block-media-text alignwide is-stacked-on-mobile\"><figure class=\"wp-block-media-text__media\"><img decoding=\"async\" width=\"1024\" height=\"682\" src=\"http:\/\/smartdmarketing.com.br\/wp-content\/uploads\/2023\/06\/marketing-strategies-3105875_1280-1024x682.jpg\" alt=\"\" class=\"wp-image-90 size-full\" srcset=\"https:\/\/smartdmarketing.com.br\/wp-content\/uploads\/2023\/06\/marketing-strategies-3105875_1280-1024x682.jpg 1024w, https:\/\/smartdmarketing.com.br\/wp-content\/uploads\/2023\/06\/marketing-strategies-3105875_1280-300x200.jpg 300w, https:\/\/smartdmarketing.com.br\/wp-content\/uploads\/2023\/06\/marketing-strategies-3105875_1280-768x512.jpg 768w, https:\/\/smartdmarketing.com.br\/wp-content\/uploads\/2023\/06\/marketing-strategies-3105875_1280.jpg 1280w\" sizes=\"(max-width: 1024px) 100vw, 1024px\" \/><\/figure><div class=\"wp-block-media-text__content\">\n<h2 class=\"wp-block-heading\">Markerting Estrat\u00e9gico<\/h2>\n\n\n\n<p>Campanhas<\/p>\n\n\n\n<p>Google Ads\/Facebook Ads<\/p>\n\n\n\n<p>SEO<\/p>\n<\/div><\/div>\n<\/div>\n<\/div>\n","protected":false},"excerpt":{"rendered":"<p>Personalizamos as estrat\u00e9gias de marketing para o seu neg\u00f3cio Marketing de conte\u00fado Gerenciamento de redes sociais Conte\u00fados estrat\u00e9gicos Personaliza\u00e7\u00e3o Cria\u00e7\u00e3o de Sites Responsivo Profissional Seguro Markerting Estrat\u00e9gico Campanhas Google Ads\/Facebook Ads SEO<\/p>\n","protected":false},"author":1,"featured_media":0,"parent":0,"menu_order":0,"comment_status":"closed","ping_status":"closed","template":"","meta":{"footnotes":""},"class_list":["post-70","page","type-page","status-publish","hentry"],"_hostinger_reach_plugin_has_subscription_block":false,"_hostinger_reach_plugin_is_elementor":false,"_links":{"self":[{"href":"https:\/\/smartdmarketing.com.br\/index.php?rest_route=\/wp\/v2\/pages\/70","targetHints":{"allow":["GET"]}}],"collection":[{"href":"https:\/\/smartdmarketing.com.br\/index.php?rest_route=\/wp\/v2\/pages"}],"about":[{"href":"https:\/\/smartdmarketing.com.br\/index.php?rest_route=\/wp\/v2\/types\/page"}],"author":[{"embeddable":true,"href":"https:\/\/smartdmarketing.com.br\/index.php?rest_route=\/wp\/v2\/users\/1"}],"replies":[{"embeddable":true,"href":"https:\/\/smartdmarketing.com.br\/index.php?rest_route=%2Fwp%2Fv2%2Fcomments&post=70"}],"version-history":[{"count":4,"href":"https:\/\/smartdmarketing.com.br\/index.php?rest_route=\/wp\/v2\/pages\/70\/revisions"}],"predecessor-version":[{"id":92,"href":"https:\/\/smartdmarketing.com.br\/index.php?rest_route=\/wp\/v2\/pages\/70\/revisions\/92"}],"wp:attachment":[{"href":"https:\/\/smartdmarketing.com.br\/index.php?rest_route=%2Fwp%2Fv2%2Fmedia&parent=70"}],"curies":[{"name":"wp","href":"https:\/\/api.w.org\/{rel}","templated":true}]}}